{"id":44,"date":"2019-06-01T11:59:53","date_gmt":"2019-06-01T11:59:53","guid":{"rendered":"https:\/\/wp.medienzentrum-hof.de\/?page_id=44"},"modified":"2024-06-24T09:41:46","modified_gmt":"2024-06-24T09:41:46","slug":"impressum","status":"publish","type":"page","link":"https:\/\/www.medienzentrum-hof.de\/index.php\/impressum\/","title":{"rendered":"Impressum"},"content":{"rendered":"\r\n<p>Das Medienzentrum Stadt und Landkreis Hof ist eine Einrichtung des Zweckverbandes Berufsschule und Bildung, der eine \u00a0K\u00f6rperschaft des \u00f6ffentlichen Rechts ist. Vertreten durch die Oberb\u00fcrgermeisterin der Stadt Hof und den Landrat des Landkreises Hof. Das vom Landkreis und der kreisfreien Stadt unterhaltene kommunale Medienzentrum verleiht didaktische Medien an Schulen und au\u00dferschulische Bildungseinrichtungen seines Betreuungsbereiches. Die Mitarbeiter leisten p\u00e4dagogische Beratung f\u00fcr den Einsatz dieser Medien, geben praktische Hilfen zur Handhabung der dazugeh\u00f6rigen Ger\u00e4te und stellen Ger\u00e4te zum Verleih bereit. Das Medienzentrum versteht sich als Dienstleistungseinrichtung und orientiert sich an den Bed\u00fcrfnissen der Zielgruppen unter Beachtung staatlicher Vorgaben.<\/p>\r\n\r\n\r\n\r\n<p>Inhaltlich Verantwortlicher gem\u00e4\u00df \u00a7 10 Absatz 3 MDStV: Sven Ruckdeschel, Lessingstra\u00dfe 2, 95028 Hof<br \/><br \/>Haftungshinweis: Trotz sorgf\u00e4ltiger inhaltlicher Kontrolle \u00fcbernehmen wir keine Haftung f\u00fcr die Inhalte externer Links. F\u00fcr den Inhalt der verlinkten Seiten sind ausschlie\u00dflich deren Betreiber verantwortlich. Links zu externen Anbietern stellen keine Wertung oder Empfehlung dar.<\/p>\r\n\r\n\r\n\r\n<table class=\"wp-block-table\">\r\n<tbody>\r\n<tr>\r\n<th>Copyright<\/th>\r\n<\/tr>\r\n<tr>\r\n<td>Alle Rechte, auch die der fotomechanischen Wiedergabe, der Vervielf\u00e4ltigung und der Verbreitung mittels besonderer Verfahren (zum Beispiel Datenverarbeitung, Datentr\u00e4ger, Datennetze), auch teilweise, beh\u00e4lt sich das Medienzentrum Hof vor.F\u00fcr etwaige Satzfehler sowie f\u00fcr die Richtigkeit der Eintragungen \u00fcbernimmt\u00a0das Medienzentrum Hof keine Gew\u00e4hr.<\/td>\r\n<\/tr>\r\n<tr>\r\n<td>\u00a0<\/td>\r\n<\/tr>\r\n<tr>\r\n<th>Internet-Bedingungen<\/th>\r\n<\/tr>\r\n<tr>\r\n<td>Das Internet arbeitet als dezentraler Netzwerkverbund mit der Zwischenspeicherung und Weitergabe tempor\u00e4rer Dateien.<br \/>Eine Gew\u00e4hr f\u00fcr den Ausschluss von Manipulation, von versehentlichem Verf\u00e4lschen und Gew\u00e4hr f\u00fcr die Verwendung nur aktueller Daten (z.B. alte Version noch im Cache) auf dem Verbindungsweg Anbieter zu Nutzer kann es zur Zeit daher nicht geben. Auf diese systembedingte Einschr\u00e4nkung weisen wir daher wie folgt hin:<strong>Sie erhalten diese Daten unter den Bedingungen des Internets. F\u00fcr die Richtigkeit und Vollst\u00e4ndigkeit der Angaben und die \u00dcbereinstimmung mit den Ursprungsdaten kann daher keine Gew\u00e4hr \u00fcbernommen werden.<\/strong><\/td>\r\n<\/tr>\r\n<\/tbody>\r\n<\/table>\r\n","protected":false},"excerpt":{"rendered":"<p>Das Medienzentrum Stadt und Landkreis Hof ist eine Einrichtung des Zweckverbandes Berufsschule und Bildung, der eine \u00a0K\u00f6rperschaft des \u00f6ffentlichen Rechts ist. Vertreten durch die Oberb\u00fcrgermeisterin der Stadt Hof und den Landrat des Landkreises Hof. Das vom Landkreis und der kreisfreien Stadt unterhaltene kommunale Medienzentrum verleiht didaktische Medien an Schulen und au\u00dferschulische Bildungseinrichtungen seines Betreuungsbereiches. Die Mitarbeiter leisten p\u00e4dagogische Beratung f\u00fcr den Einsatz dieser Medien, geben praktische Hilfen zur Handhabung der dazugeh\u00f6rigen Ger\u00e4te und stellen Ger\u00e4te zum Verleih bereit. Das Medienzentrum&#8230;<\/p>\n<p class=\"read-more\"><a class=\"btn btn-default\" href=\"https:\/\/www.medienzentrum-hof.de\/index.php\/impressum\/\">Weiterlesen<span class=\"screen-reader-text\"> Weiterlesen<\/span><\/a><\/p>\n","protected":false},"author":2,"featured_media":0,"parent":0,"menu_order":0,"comment_status":"closed","ping_status":"closed","template":"","meta":{"footnotes":""},"class_list":["post-44","page","type-page","status-publish","hentry"],"_links":{"self":[{"href":"https:\/\/www.medienzentrum-hof.de\/index.php\/wp-json\/wp\/v2\/pages\/44","targetHints":{"allow":["GET"]}}],"collection":[{"href":"https:\/\/www.medienzentrum-hof.de\/index.php\/wp-json\/wp\/v2\/pages"}],"about":[{"href":"https:\/\/www.medienzentrum-hof.de\/index.php\/wp-json\/wp\/v2\/types\/page"}],"author":[{"embeddable":true,"href":"https:\/\/www.medienzentrum-hof.de\/index.php\/wp-json\/wp\/v2\/users\/2"}],"replies":[{"embeddable":true,"href":"https:\/\/www.medienzentrum-hof.de\/index.php\/wp-json\/wp\/v2\/comments?post=44"}],"version-history":[{"count":6,"href":"https:\/\/www.medienzentrum-hof.de\/index.php\/wp-json\/wp\/v2\/pages\/44\/revisions"}],"predecessor-version":[{"id":421,"href":"https:\/\/www.medienzentrum-hof.de\/index.php\/wp-json\/wp\/v2\/pages\/44\/revisions\/421"}],"wp:attachment":[{"href":"https:\/\/www.medienzentrum-hof.de\/index.php\/wp-json\/wp\/v2\/media?parent=44"}],"curies":[{"name":"wp","href":"https:\/\/api.w.org\/{rel}","templated":true}]}}