{"id":23,"date":"2019-06-01T08:47:16","date_gmt":"2019-06-01T08:47:16","guid":{"rendered":"https:\/\/wp.medienzentrum-hof.de\/?page_id=23"},"modified":"2022-07-21T20:27:34","modified_gmt":"2022-07-21T20:27:34","slug":"medienarten","status":"publish","type":"page","link":"https:\/\/www.medienzentrum-hof.de\/index.php\/medienarten\/","title":{"rendered":"Medienverleih"},"content":{"rendered":"\r\n<h4><strong>H\u00e4ndischer Verleih<\/strong><\/h4>\r\n<p>Unsere Medien f\u00fcr den h\u00e4ndischen Verleih k\u00f6nnen Sie zu den jeweiligen \u00d6ffnungszeiten in den Filialen ausleihen.<\/p>\r\n<p>Bitte beachten Sie bei der <a href=\"https:\/\/www.bildungsmedien-online.de\/m4merkur\/b66\/prog\/wm.aspx\" target=\"_blank\" rel=\"noopener noreferrer\">Katalogsuche<\/a> den jeweiligen Standort, an dem das gew\u00fcnschte Medium vorhanden ist.<\/p>\r\n<h4><strong>Downloads<\/strong><\/h4>\r\n<p>Unser Downloadangebot steht Ihnen rund um die Uhr zur Verf\u00fcgung<\/p>\r\n<p>Unter folgendem <a href=\"https:\/\/www.bildungsmedien-online.de\/m4merkur\/b66\/prog\/wm.aspx\" target=\"_blank\" rel=\"noopener noreferrer\">Link<\/a> k\u00f6nnen Sie alle unsere Filme recherchieren und ggf. herunterladen.<\/p>\r\n<p>Die ben\u00f6tigte Benutzerkennung samt Passwort liegt Ihrer Schule vor.<\/p>\r\n<p>Au\u00dferdem finden Sie unsere Filme auch in der <a href=\"https:\/\/www.mebis.bayern.de\/\" target=\"_blank\" rel=\"noopener noreferrer\">mebis-Mediathek<\/a> &#8211; mit Ihrem mebis-Zugang.<\/p>\r\n<h4><strong>Bedeutung der Mediensignaturen (Bestellnummern)<\/strong><\/h4>\r\n\r\n\r\n\r\n<p>Die ersten beiden Kennziffern kennzeichnen die Medienart.<\/p>\r\n\r\n\r\n\r\n<table class=\"wp-block-table\">\r\n<tbody>\r\n<tr>\r\n<td>\u00a032<\/td>\r\n<td>\u00a016-mm Film<\/td>\r\n<\/tr>\r\n<tr>\r\n<td>\u00a042<\/td>\r\n<td>\u00a0Videocassette<\/td>\r\n<\/tr>\r\n<tr>\r\n<td>\u00a046<\/td>\r\n<td>\u00a0Video-DVD<\/td>\r\n<\/tr>\r\n<tr>\r\n<td>\u00a049<\/td>\r\n<td>\u00a0Schulfernsehen<\/td>\r\n<\/tr>\r\n<tr>\r\n<td>\u00a050<\/td>\r\n<td>\u00a0Medienpaket<\/td>\r\n<\/tr>\r\n<tr>\r\n<td>\u00a055<\/td>\r\n<td>\u00a0LernobjektOnline-DVD<\/td>\r\n<\/tr>\r\n<tr>\r\n<td>66\u00a0<\/td>\r\n<td>\u00a0CD-Rom<\/td>\r\n<\/tr>\r\n<\/tbody>\r\n<\/table>\r\n\r\n\r\n\r\n<p>Die Online-Medien 49 und 55 stehen <em>ausschlie\u00dflich<\/em>\u00a0zum Herunterladen vom WEB-MERKUR oder auf mebis bereit &#8211; ein h\u00e4ndischer Verleih ist nicht m\u00f6glich!<\/p>\r\n<p>&nbsp;<\/p>\r\n","protected":false},"excerpt":{"rendered":"<p>H\u00e4ndischer Verleih Unsere Medien f\u00fcr den h\u00e4ndischen Verleih k\u00f6nnen Sie zu den jeweiligen \u00d6ffnungszeiten in den Filialen ausleihen. Bitte beachten Sie bei der Katalogsuche den jeweiligen Standort, an dem das gew\u00fcnschte Medium vorhanden ist. Downloads Unser Downloadangebot steht Ihnen rund um die Uhr zur Verf\u00fcgung Unter folgendem Link k\u00f6nnen Sie alle unsere Filme recherchieren und ggf. herunterladen. Die ben\u00f6tigte Benutzerkennung samt Passwort liegt Ihrer Schule vor. Au\u00dferdem finden Sie unsere Filme auch in der mebis-Mediathek &#8211; mit Ihrem mebis-Zugang. Bedeutung&#8230;<\/p>\n<p class=\"read-more\"><a class=\"btn btn-default\" href=\"https:\/\/www.medienzentrum-hof.de\/index.php\/medienarten\/\">Weiterlesen<span class=\"screen-reader-text\"> Weiterlesen<\/span><\/a><\/p>\n","protected":false},"author":2,"featured_media":0,"parent":0,"menu_order":0,"comment_status":"closed","ping_status":"closed","template":"","meta":{"footnotes":""},"class_list":["post-23","page","type-page","status-publish","hentry"],"_links":{"self":[{"href":"https:\/\/www.medienzentrum-hof.de\/index.php\/wp-json\/wp\/v2\/pages\/23","targetHints":{"allow":["GET"]}}],"collection":[{"href":"https:\/\/www.medienzentrum-hof.de\/index.php\/wp-json\/wp\/v2\/pages"}],"about":[{"href":"https:\/\/www.medienzentrum-hof.de\/index.php\/wp-json\/wp\/v2\/types\/page"}],"author":[{"embeddable":true,"href":"https:\/\/www.medienzentrum-hof.de\/index.php\/wp-json\/wp\/v2\/users\/2"}],"replies":[{"embeddable":true,"href":"https:\/\/www.medienzentrum-hof.de\/index.php\/wp-json\/wp\/v2\/comments?post=23"}],"version-history":[{"count":7,"href":"https:\/\/www.medienzentrum-hof.de\/index.php\/wp-json\/wp\/v2\/pages\/23\/revisions"}],"predecessor-version":[{"id":362,"href":"https:\/\/www.medienzentrum-hof.de\/index.php\/wp-json\/wp\/v2\/pages\/23\/revisions\/362"}],"wp:attachment":[{"href":"https:\/\/www.medienzentrum-hof.de\/index.php\/wp-json\/wp\/v2\/media?parent=23"}],"curies":[{"name":"wp","href":"https:\/\/api.w.org\/{rel}","templated":true}]}}