{"id":161,"date":"2019-11-05T14:32:43","date_gmt":"2019-11-05T14:32:43","guid":{"rendered":"https:\/\/www.medienzentrum-hof.de\/?page_id=161"},"modified":"2022-02-04T09:34:56","modified_gmt":"2022-02-04T09:34:56","slug":"bee-bots","status":"publish","type":"page","link":"https:\/\/www.medienzentrum-hof.de\/index.php\/geraeteverleih\/bee-bots\/","title":{"rendered":"Robotik &#8211; Bee-Bots"},"content":{"rendered":"\r\n<p>Einstieg in Robotik und Programmieren: Bee-Bots (6 St\u00fcck im Set) &#8211; 2 Sets vorr\u00e4tig<\/p>\r\n\r\n\r\n\r\n<p>Spielerisch, per Tastendruck die Bienen programmieren und dann fahren lassen.<\/p>\r\n\r\n\r\n\r\n<p>Unser Robotikangebot f\u00fcr KITAs und Grundschulen mit umfangreichem Begleitmaterial.<\/p>\r\n\r\n\r\n\r\n<figure class=\"wp-block-image size-large\"><img loading=\"lazy\" decoding=\"async\" width=\"1024\" height=\"1024\" class=\"wp-image-164\" src=\"https:\/\/www.medienzentrum-hof.de\/wp-content\/uploads\/2019\/11\/P1000383-Kopie-2-1024x1024.jpg\" alt=\"\" srcset=\"https:\/\/www.medienzentrum-hof.de\/wp-content\/uploads\/2019\/11\/P1000383-Kopie-2-1024x1024.jpg 1024w, https:\/\/www.medienzentrum-hof.de\/wp-content\/uploads\/2019\/11\/P1000383-Kopie-2-150x150.jpg 150w, https:\/\/www.medienzentrum-hof.de\/wp-content\/uploads\/2019\/11\/P1000383-Kopie-2-300x300.jpg 300w, https:\/\/www.medienzentrum-hof.de\/wp-content\/uploads\/2019\/11\/P1000383-Kopie-2-768x768.jpg 768w, https:\/\/www.medienzentrum-hof.de\/wp-content\/uploads\/2019\/11\/P1000383-Kopie-2-270x270.jpg 270w, https:\/\/www.medienzentrum-hof.de\/wp-content\/uploads\/2019\/11\/P1000383-Kopie-2.jpg 1532w\" sizes=\"auto, (max-width: 1024px) 100vw, 1024px\" \/><\/figure>\r\n\r\n\r\n\r\n<p>Bitte vorher anmelden<\/p>\r\n\r\n\r\n","protected":false},"excerpt":{"rendered":"<p>Einstieg in Robotik und Programmieren: Bee-Bots (6 St\u00fcck im Set) &#8211; 2 Sets vorr\u00e4tig Spielerisch, per Tastendruck die Bienen programmieren und dann fahren lassen. Unser Robotikangebot f\u00fcr KITAs und Grundschulen mit umfangreichem Begleitmaterial. Bitte vorher anmelden<\/p>\n","protected":false},"author":2,"featured_media":0,"parent":32,"menu_order":0,"comment_status":"closed","ping_status":"closed","template":"","meta":{"footnotes":""},"class_list":["post-161","page","type-page","status-publish","hentry"],"_links":{"self":[{"href":"https:\/\/www.medienzentrum-hof.de\/index.php\/wp-json\/wp\/v2\/pages\/161","targetHints":{"allow":["GET"]}}],"collection":[{"href":"https:\/\/www.medienzentrum-hof.de\/index.php\/wp-json\/wp\/v2\/pages"}],"about":[{"href":"https:\/\/www.medienzentrum-hof.de\/index.php\/wp-json\/wp\/v2\/types\/page"}],"author":[{"embeddable":true,"href":"https:\/\/www.medienzentrum-hof.de\/index.php\/wp-json\/wp\/v2\/users\/2"}],"replies":[{"embeddable":true,"href":"https:\/\/www.medienzentrum-hof.de\/index.php\/wp-json\/wp\/v2\/comments?post=161"}],"version-history":[{"count":3,"href":"https:\/\/www.medienzentrum-hof.de\/index.php\/wp-json\/wp\/v2\/pages\/161\/revisions"}],"predecessor-version":[{"id":344,"href":"https:\/\/www.medienzentrum-hof.de\/index.php\/wp-json\/wp\/v2\/pages\/161\/revisions\/344"}],"up":[{"embeddable":true,"href":"https:\/\/www.medienzentrum-hof.de\/index.php\/wp-json\/wp\/v2\/pages\/32"}],"wp:attachment":[{"href":"https:\/\/www.medienzentrum-hof.de\/index.php\/wp-json\/wp\/v2\/media?parent=161"}],"curies":[{"name":"wp","href":"https:\/\/api.w.org\/{rel}","templated":true}]}}