{"id":116,"date":"2019-09-26T12:53:20","date_gmt":"2019-09-26T12:53:20","guid":{"rendered":"https:\/\/wp.medienzentrum-hof.de\/?page_id=116"},"modified":"2025-12-03T20:47:07","modified_gmt":"2025-12-03T20:47:07","slug":"home","status":"publish","type":"page","link":"https:\/\/www.medienzentrum-hof.de\/","title":{"rendered":"Aktuell"},"content":{"rendered":"<h3><\/h3>\n<h3>Grunds\u00e4tzliches zum Ger\u00e4teverleih:<\/h3>\n<p>Wenn Sie die Ausleihe aus unseren Ger\u00e4tesortiment planen, bitten wir um vorherige Anmeldung und Reservierung per Email. So k\u00f6nnen Sie sicherstellen, dass das gew\u00fcnschte Ger\u00e4t vorr\u00e4tig und eine kompetente Einweisung m\u00f6glich ist. Email an: mz-hof@outlook.de<\/p>\n<h3>Schulavatar AV1<\/h3>\n<p>In unserem Sortiment befinden sich zwei Schulavatare AV1. Das Ger\u00e4t gibt langfristig erkrankten Kindern die M\u00f6glichkeit virtuell am Unterricht teilzunehmen. Mehr unter Ger\u00e4teverleih.<\/p>\n<p><img loading=\"lazy\" decoding=\"async\" class=\"alignnone wp-image-440\" src=\"https:\/\/www.medienzentrum-hof.de\/wp-content\/uploads\/2025\/07\/IMG_2510-768x1024.jpg\" alt=\"\" width=\"342\" height=\"456\" srcset=\"https:\/\/www.medienzentrum-hof.de\/wp-content\/uploads\/2025\/07\/IMG_2510-768x1024.jpg 768w, https:\/\/www.medienzentrum-hof.de\/wp-content\/uploads\/2025\/07\/IMG_2510-225x300.jpg 225w, https:\/\/www.medienzentrum-hof.de\/wp-content\/uploads\/2025\/07\/IMG_2510-1152x1536.jpg 1152w, https:\/\/www.medienzentrum-hof.de\/wp-content\/uploads\/2025\/07\/IMG_2510-1536x2048.jpg 1536w, https:\/\/www.medienzentrum-hof.de\/wp-content\/uploads\/2025\/07\/IMG_2510-203x270.jpg 203w, https:\/\/www.medienzentrum-hof.de\/wp-content\/uploads\/2025\/07\/IMG_2510-scaled.jpg 1920w\" sizes=\"auto, (max-width: 342px) 100vw, 342px\" \/><\/p>\n<h3>VR-Brillen<\/h3>\n<p>Wir bieten Schulen VR-Brillen mit installierter Bildungssoftware und zur Betrachtung von 360 Grad-Medien f\u00fcr den Unterrichtseinsatz zum Verleih an. Mehr unter Ger\u00e4teverleih.<\/p>\n<p><img loading=\"lazy\" decoding=\"async\" class=\"alignnone wp-image-442\" src=\"https:\/\/www.medienzentrum-hof.de\/wp-content\/uploads\/2025\/07\/IMG_2512--1024x768.jpg\" alt=\"\" width=\"359\" height=\"269\" srcset=\"https:\/\/www.medienzentrum-hof.de\/wp-content\/uploads\/2025\/07\/IMG_2512--1024x768.jpg 1024w, https:\/\/www.medienzentrum-hof.de\/wp-content\/uploads\/2025\/07\/IMG_2512--300x225.jpg 300w, https:\/\/www.medienzentrum-hof.de\/wp-content\/uploads\/2025\/07\/IMG_2512--768x576.jpg 768w, https:\/\/www.medienzentrum-hof.de\/wp-content\/uploads\/2025\/07\/IMG_2512--1536x1152.jpg 1536w, https:\/\/www.medienzentrum-hof.de\/wp-content\/uploads\/2025\/07\/IMG_2512--2048x1536.jpg 2048w, https:\/\/www.medienzentrum-hof.de\/wp-content\/uploads\/2025\/07\/IMG_2512--360x270.jpg 360w\" sizes=\"auto, (max-width: 359px) 100vw, 359px\" \/><\/p>\n<h3>Virtueller Rundgang:<\/h3>\n<p>Wir bieten Schulen Kameras und Unterst\u00fctzung bei der Erstellung virtueller Schulhausrundg\u00e4nge an.<\/p>\n<p>Beispiele finden Sie unter <a href=\"https:\/\/www.medienzentrum-hof.de\/index.php\/virtueller-rundgang\/\">VIRTUELLER RUNDGANG<\/a><\/p>\n<h3>INSTA 360 ONE X &#8211; 360 Grad Kamera<\/h3>\n<h3><img loading=\"lazy\" decoding=\"async\" class=\"alignnone wp-image-214\" src=\"https:\/\/www.medienzentrum-hof.de\/wp-content\/uploads\/2020\/01\/Photo-2020-01-09-15-46-51_649-300x300.jpg\" alt=\"\" width=\"530\" height=\"530\" srcset=\"https:\/\/www.medienzentrum-hof.de\/wp-content\/uploads\/2020\/01\/Photo-2020-01-09-15-46-51_649-300x300.jpg 300w, https:\/\/www.medienzentrum-hof.de\/wp-content\/uploads\/2020\/01\/Photo-2020-01-09-15-46-51_649-1024x1024.jpg 1024w, https:\/\/www.medienzentrum-hof.de\/wp-content\/uploads\/2020\/01\/Photo-2020-01-09-15-46-51_649-150x150.jpg 150w, https:\/\/www.medienzentrum-hof.de\/wp-content\/uploads\/2020\/01\/Photo-2020-01-09-15-46-51_649-768x768.jpg 768w, https:\/\/www.medienzentrum-hof.de\/wp-content\/uploads\/2020\/01\/Photo-2020-01-09-15-46-51_649-270x270.jpg 270w, https:\/\/www.medienzentrum-hof.de\/wp-content\/uploads\/2020\/01\/Photo-2020-01-09-15-46-51_649.jpg 1280w\" sizes=\"auto, (max-width: 530px) 100vw, 530px\" \/><\/h3>\n<h3>Wir erweitern unser Angebot im Bereich Programmierung und Robotik aus.<\/h3>\n<p>F\u00fcr die KITAs habe wir 2 Sets a 6 Sets Bee-Bots zur Ausleihe. Mitgeliefert wird umfangreiches Material f\u00fcr den praktischen Einsatz.<\/p>\n<p>Zur Unterst\u00fctzung des Faches Informatik k\u00f6nnen 16 Koffer mit M-Bots ausgeliehen werden. Die Roboter haben verschiedene Sensoren und k\u00f6nnen mit Kenntnissen in Scratch programmiert werden.<\/p>\n<p>&nbsp;<\/p>\n","protected":false},"excerpt":{"rendered":"<p>Grunds\u00e4tzliches zum Ger\u00e4teverleih: Wenn Sie die Ausleihe aus unseren Ger\u00e4tesortiment planen, bitten wir um vorherige Anmeldung und Reservierung per Email. So k\u00f6nnen Sie sicherstellen, dass das gew\u00fcnschte Ger\u00e4t vorr\u00e4tig und eine kompetente Einweisung m\u00f6glich ist. Email an: mz-hof@outlook.de Schulavatar AV1 In unserem Sortiment befinden sich zwei Schulavatare AV1. Das Ger\u00e4t gibt langfristig erkrankten Kindern die M\u00f6glichkeit virtuell am Unterricht teilzunehmen. Mehr unter Ger\u00e4teverleih. VR-Brillen Wir bieten Schulen VR-Brillen mit installierter Bildungssoftware und zur Betrachtung von 360 Grad-Medien f\u00fcr den Unterrichtseinsatz&#8230;<\/p>\n<p class=\"read-more\"><a class=\"btn btn-default\" href=\"https:\/\/www.medienzentrum-hof.de\/\">Weiterlesen<span class=\"screen-reader-text\"> Weiterlesen<\/span><\/a><\/p>\n","protected":false},"author":2,"featured_media":0,"parent":0,"menu_order":0,"comment_status":"closed","ping_status":"closed","template":"","meta":{"footnotes":""},"class_list":["post-116","page","type-page","status-publish","hentry"],"_links":{"self":[{"href":"https:\/\/www.medienzentrum-hof.de\/index.php\/wp-json\/wp\/v2\/pages\/116","targetHints":{"allow":["GET"]}}],"collection":[{"href":"https:\/\/www.medienzentrum-hof.de\/index.php\/wp-json\/wp\/v2\/pages"}],"about":[{"href":"https:\/\/www.medienzentrum-hof.de\/index.php\/wp-json\/wp\/v2\/types\/page"}],"author":[{"embeddable":true,"href":"https:\/\/www.medienzentrum-hof.de\/index.php\/wp-json\/wp\/v2\/users\/2"}],"replies":[{"embeddable":true,"href":"https:\/\/www.medienzentrum-hof.de\/index.php\/wp-json\/wp\/v2\/comments?post=116"}],"version-history":[{"count":70,"href":"https:\/\/www.medienzentrum-hof.de\/index.php\/wp-json\/wp\/v2\/pages\/116\/revisions"}],"predecessor-version":[{"id":451,"href":"https:\/\/www.medienzentrum-hof.de\/index.php\/wp-json\/wp\/v2\/pages\/116\/revisions\/451"}],"wp:attachment":[{"href":"https:\/\/www.medienzentrum-hof.de\/index.php\/wp-json\/wp\/v2\/media?parent=116"}],"curies":[{"name":"wp","href":"https:\/\/api.w.org\/{rel}","templated":true}]}}